{"id":344446,"date":"2023-11-22T14:33:58","date_gmt":"2023-11-22T12:33:58","guid":{"rendered":"https:\/\/www.trendlog.dk\/trend-stop\/"},"modified":"2025-04-23T13:30:13","modified_gmt":"2025-04-23T11:30:13","slug":"trend-stop","status":"publish","type":"page","link":"https:\/\/www.trendlog.dk\/da\/trend-stop\/","title":{"rendered":"Registr\u00e9r nedetid med TrendSTOP | Trendlog.io"},"content":{"rendered":"<p>[et_pb_section fb_built=&#8221;1&#8243; _builder_version=&#8221;4.24.3&#8243; _module_preset=&#8221;default&#8221; background_color=&#8221;#f0f0f1&#8243; locked=&#8221;off&#8221; global_colors_info=&#8221;{}&#8221;][et_pb_row column_structure=&#8221;1_2,1_2&#8243; _builder_version=&#8221;4.24.3&#8243; _module_preset=&#8221;default&#8221; global_colors_info=&#8221;{}&#8221;][et_pb_column type=&#8221;1_2&#8243; _builder_version=&#8221;4.24.3&#8243; _module_preset=&#8221;default&#8221; custom_padding=&#8221;2vw||||false|false&#8221; global_colors_info=&#8221;{}&#8221;][et_pb_text _builder_version=&#8221;4.24.3&#8243; _module_preset=&#8221;default&#8221; text_font=&#8221;|||on|||||&#8221; text_text_color=&#8221;#56BE5E&#8221; custom_margin=&#8221;||17px||false|false&#8221; global_colors_info=&#8221;{}&#8221;]<\/p>\n<p>MOBILVENLIG STOPTIDSANALYSE<\/p>\n<p>[\/et_pb_text][et_pb_text _builder_version=&#8221;4.24.3&#8243; _module_preset=&#8221;default&#8221; header_2_font_size=&#8221;36px&#8221; custom_margin=&#8221;||17px||false|false&#8221; header_2_font_size_tablet=&#8221;36px&#8221; header_2_font_size_phone=&#8221;36px&#8221; header_2_font_size_last_edited=&#8221;on|desktop&#8221; global_colors_info=&#8221;{}&#8221;]<\/p>\n<h1>FEATURE: TrendSTOP<\/h1>\n<p>[\/et_pb_text][et_pb_text _builder_version=&#8221;4.24.3&#8243; _module_preset=&#8221;default&#8221; global_colors_info=&#8221;{}&#8221;]<\/p>\n<p><span style=\"font-weight: 400;\">Registr\u00e9r stop\u00e5rsager og h\u00e6ndelser direkte fra produktionen. Med TrendSTOP f\u00e5r du en mobil- og tabletvenlig l\u00f8sning, der g\u00f8r det nemt at registrere, reagere og handle \u2013 i realtid. <\/span><\/p>\n<p>[\/et_pb_text][et_pb_button button_url=&#8221;@ET-DC@eyJkeW5hbWljIjp0cnVlLCJjb250ZW50IjoicG9zdF9saW5rX3VybF9wYWdlIiwic2V0dGluZ3MiOnsicG9zdF9pZCI6IjY0NDIiLCJlbmFibGVfaHRtbCI6Im9mZiJ9fQ==@&#8221; button_text=&#8221;BOOK EN GRATIS DEMO&#8221; button_alignment=&#8221;left&#8221; _builder_version=&#8221;4.24.3&#8243; _dynamic_attributes=&#8221;button_url&#8221; _module_preset=&#8221;c8dc4fe2-7077-4286-b52c-cf62804b263d&#8221; custom_margin=&#8221;|1vw|||false|false&#8221; custom_margin_tablet=&#8221;1vw|1vw|1vw||false|false&#8221; custom_margin_phone=&#8221;1vw||5vw||false|false&#8221; custom_margin_last_edited=&#8221;on|phone&#8221; custom_padding=&#8221;||||false|false&#8221; button_text_size_phone=&#8221;16px&#8221; locked=&#8221;off&#8221; global_colors_info=&#8221;{}&#8221;][\/et_pb_button][\/et_pb_column][et_pb_column type=&#8221;1_2&#8243; _builder_version=&#8221;4.24.3&#8243; _module_preset=&#8221;default&#8221; global_colors_info=&#8221;{}&#8221;][et_pb_image src=&#8221;https:\/\/www.trendlog.dk\/wp-content\/uploads\/2025\/04\/TrendSTOP-gra-2.jpg&#8221; title_text=&#8221;TrendSTOP gr\u00e5 (2)&#8221; _builder_version=&#8221;4.24.3&#8243; _module_preset=&#8221;default&#8221; border_radii=&#8221;on|20px|20px|20px|20px&#8221; global_colors_info=&#8221;{}&#8221;][\/et_pb_image][\/et_pb_column][\/et_pb_row][\/et_pb_section][et_pb_section fb_built=&#8221;1&#8243; _builder_version=&#8221;4.24.3&#8243; _module_preset=&#8221;default&#8221; background_color=&#8221;#f0f0f1&#8243; locked=&#8221;off&#8221; global_colors_info=&#8221;{}&#8221;][et_pb_row column_structure=&#8221;1_2,1_2&#8243; _builder_version=&#8221;4.24.3&#8243; _module_preset=&#8221;default&#8221; global_colors_info=&#8221;{}&#8221;][et_pb_column type=&#8221;1_2&#8243; _builder_version=&#8221;4.24.3&#8243; _module_preset=&#8221;default&#8221; background_enable_color=&#8221;off&#8221; border_radii=&#8221;on|20px|20px|20px|20px&#8221; global_colors_info=&#8221;{}&#8221;][et_pb_image src=&#8221;https:\/\/www.trendlog.dk\/wp-content\/uploads\/2025\/04\/TrendSTOP-gra.jpg&#8221; title_text=&#8221;TrendSTOP gr\u00e5&#8221; _builder_version=&#8221;4.24.3&#8243; _module_preset=&#8221;default&#8221; width=&#8221;80%&#8221; module_alignment=&#8221;center&#8221; custom_margin=&#8221;||||false|false&#8221; global_colors_info=&#8221;{}&#8221;][\/et_pb_image][\/et_pb_column][et_pb_column type=&#8221;1_2&#8243; _builder_version=&#8221;4.24.3&#8243; _module_preset=&#8221;default&#8221; global_colors_info=&#8221;{}&#8221;][et_pb_text _builder_version=&#8221;4.24.3&#8243; _module_preset=&#8221;default&#8221; text_font=&#8221;|||on|||||&#8221; text_text_color=&#8221;#56BE5E&#8221; custom_margin=&#8221;||17px||false|false&#8221; global_colors_info=&#8221;{}&#8221;]<\/p>\n<p>Registrering af stop\u00e5rsager<\/p>\n<p>[\/et_pb_text][et_pb_text _builder_version=&#8221;4.24.3&#8243; _module_preset=&#8221;default&#8221; header_2_font_size=&#8221;36px&#8221; header_3_font_size=&#8221;24px&#8221; custom_margin=&#8221;1vw||1vw||false|false&#8221; header_2_font_size_tablet=&#8221;36px&#8221; header_2_font_size_phone=&#8221;36px&#8221; header_2_font_size_last_edited=&#8221;on|desktop&#8221; header_3_font_size_tablet=&#8221;30px&#8221; header_3_font_size_phone=&#8221;27px&#8221; header_3_font_size_last_edited=&#8221;on|phone&#8221; global_colors_info=&#8221;{}&#8221;]<\/p>\n<h3><span style=\"font-weight: 400;\">G\u00f8r det nemt at registrere stop\u00e5rsager<\/span><\/h3>\n<p>[\/et_pb_text][et_pb_text _builder_version=&#8221;4.24.3&#8243; _module_preset=&#8221;default&#8221; global_colors_info=&#8221;{}&#8221;]<\/p>\n<p><span style=\"font-weight: 400;\">TrendSTOP fjerner friktionen ved manuel registrering. Medarbejderne kan hurtigt v\u00e6lge stop\u00e5rsag fra en overskuelig menu og registrere fejl og afbrydelser, mens de sker \u2013 direkte fra en tablet eller mobil p\u00e5 gulvet. <\/span><\/p>\n<p>[\/et_pb_text][\/et_pb_column][\/et_pb_row][\/et_pb_section][et_pb_section fb_built=&#8221;1&#8243; _builder_version=&#8221;4.24.3&#8243; _module_preset=&#8221;default&#8221; background_color=&#8221;#f0f0f1&#8243; locked=&#8221;off&#8221; global_colors_info=&#8221;{}&#8221;][et_pb_row column_structure=&#8221;1_2,1_2&#8243; _builder_version=&#8221;4.24.3&#8243; _module_preset=&#8221;default&#8221; global_colors_info=&#8221;{}&#8221;][et_pb_column type=&#8221;1_2&#8243; _builder_version=&#8221;4.24.3&#8243; _module_preset=&#8221;default&#8221; global_colors_info=&#8221;{}&#8221;][et_pb_text _builder_version=&#8221;4.24.3&#8243; _module_preset=&#8221;default&#8221; text_font=&#8221;|||on|||||&#8221; text_text_color=&#8221;#56BE5E&#8221; custom_margin=&#8221;||17px||false|false&#8221; global_colors_info=&#8221;{}&#8221;]<\/p>\n<p><span style=\"font-weight: 400;\">Mobil- og tabletvenlig l\u00f8sning<\/span><\/p>\n<p>[\/et_pb_text][et_pb_text _builder_version=&#8221;4.24.3&#8243; _module_preset=&#8221;default&#8221; header_2_font_size=&#8221;36px&#8221; header_3_font_size=&#8221;24px&#8221; custom_margin=&#8221;1vw||1vw||false|false&#8221; header_2_font_size_tablet=&#8221;36px&#8221; header_2_font_size_phone=&#8221;36px&#8221; header_2_font_size_last_edited=&#8221;on|desktop&#8221; header_3_font_size_tablet=&#8221;30px&#8221; header_3_font_size_phone=&#8221;27px&#8221; header_3_font_size_last_edited=&#8221;on|phone&#8221; global_colors_info=&#8221;{}&#8221;]<\/p>\n<h3><span style=\"font-weight: 400;\">Et v\u00e6rkt\u00f8j til hele produktionen<\/span><\/h3>\n<p>[\/et_pb_text][et_pb_text _builder_version=&#8221;4.24.3&#8243; _module_preset=&#8221;default&#8221; global_colors_info=&#8221;{}&#8221;]<\/p>\n<p><span style=\"font-weight: 400;\">TrendSTOP kan konfigureres til mere end \u00e9n funktion: Start en ny produktionsordre, udfyld en kvalitetsformular fra TrendFORMS eller opret en akut vedligeholdsopgave til Maintenance Planner \u2013 alt sammen fra samme enhed.<\/span><\/p>\n<p>[\/et_pb_text][\/et_pb_column][et_pb_column type=&#8221;1_2&#8243; _builder_version=&#8221;4.24.3&#8243; _module_preset=&#8221;default&#8221; background_color=&#8221;#e0e0e0&#8243; border_radii=&#8221;on|20px|20px|20px|20px&#8221; global_colors_info=&#8221;{}&#8221;][et_pb_image src=&#8221;https:\/\/www.trendlog.dk\/wp-content\/uploads\/2025\/04\/OEE-oversigt.jpg&#8221; title_text=&#8221;OEE oversigt&#8221; _builder_version=&#8221;4.24.3&#8243; _module_preset=&#8221;default&#8221; width=&#8221;80%&#8221; module_alignment=&#8221;center&#8221; custom_margin=&#8221;1vw||1vw||true|false&#8221; global_colors_info=&#8221;{}&#8221;][\/et_pb_image][\/et_pb_column][\/et_pb_row][\/et_pb_section][et_pb_section fb_built=&#8221;1&#8243; _builder_version=&#8221;4.24.3&#8243; _module_preset=&#8221;default&#8221; background_color=&#8221;#f0f0f1&#8243; locked=&#8221;off&#8221; global_colors_info=&#8221;{}&#8221;][et_pb_row _builder_version=&#8221;4.24.3&#8243; _module_preset=&#8221;default&#8221; global_colors_info=&#8221;{}&#8221;][et_pb_column type=&#8221;4_4&#8243; _builder_version=&#8221;4.24.3&#8243; _module_preset=&#8221;default&#8221; global_colors_info=&#8221;{}&#8221;][et_pb_text _builder_version=&#8221;4.24.3&#8243; _module_preset=&#8221;default&#8221; text_text_color=&#8221;#3c3f46&#8243; text_line_height=&#8221;1.6em&#8221; header_text_align=&#8221;center&#8221; header_text_color=&#8221;#3c3f46&#8243; header_line_height=&#8221;1.4em&#8221; header_2_text_align=&#8221;center&#8221; header_2_text_color=&#8221;#3C3F46&#8243; header_2_font_size=&#8221;30px&#8221; text_orientation=&#8221;center&#8221; max_width=&#8221;70%&#8221; max_width_tablet=&#8221;70%&#8221; max_width_phone=&#8221;100%&#8221; max_width_last_edited=&#8221;on|phone&#8221; module_alignment=&#8221;center&#8221; custom_margin=&#8221;||22px||false|false&#8221; animation_style=&#8221;slide&#8221; animation_direction=&#8221;bottom&#8221; animation_intensity_slide=&#8221;15%&#8221; header_2_text_align_tablet=&#8221;center&#8221; header_2_text_align_phone=&#8221;left&#8221; header_2_text_align_last_edited=&#8221;on|phone&#8221; header_2_font_size_phone=&#8221;20px&#8221; global_colors_info=&#8221;{}&#8221;]<\/p>\n<h2><span style=\"font-weight: 400;\">Bygget til produktionsgulvet \u2013<\/span> <span style=\"font-weight: 400;\">brugervenligt, hurtigt og driftssikkert.<\/span><\/h2>\n<p>[\/et_pb_text][et_pb_text _builder_version=&#8221;4.24.3&#8243; _module_preset=&#8221;default&#8221; text_font=&#8221;||||||||&#8221; text_text_color=&#8221;#3c3f46&#8243; text_line_height=&#8221;1.6em&#8221; header_text_align=&#8221;center&#8221; header_text_color=&#8221;#3c3f46&#8243; header_line_height=&#8221;1.4em&#8221; text_orientation=&#8221;center&#8221; max_width=&#8221;60%&#8221; max_width_tablet=&#8221;60%&#8221; max_width_phone=&#8221;100%&#8221; max_width_last_edited=&#8221;on|phone&#8221; module_alignment=&#8221;center&#8221; custom_margin=&#8221;||23px||false|false&#8221; animation_style=&#8221;slide&#8221; animation_direction=&#8221;bottom&#8221; animation_intensity_slide=&#8221;15%&#8221; text_orientation_tablet=&#8221;center&#8221; text_orientation_phone=&#8221;left&#8221; text_orientation_last_edited=&#8221;on|phone&#8221; global_colors_info=&#8221;{}&#8221;]<\/p>\n<p><span style=\"font-weight: 400;\">TrendSTOP er udviklet til produktionsmedarbejdere. Interface og funktioner er enkle og tilpasset til touch-sk\u00e6rme, og app\u2019en fungerer b\u00e5de online og offline, s\u00e5 du aldrig mister data. <\/span><\/p>\n<p>[\/et_pb_text][et_pb_image src=&#8221;https:\/\/www.trendlog.dk\/wp-content\/uploads\/2025\/04\/Lindab-7-4.jpg&#8221; title_text=&#8221;Lindab 7 (4)&#8221; align=&#8221;center&#8221; _builder_version=&#8221;4.24.3&#8243; _module_preset=&#8221;default&#8221; custom_margin=&#8221;3vw||||false|false&#8221; border_radii=&#8221;on|20px|20px|20px|20px&#8221; global_colors_info=&#8221;{}&#8221;][\/et_pb_image][\/et_pb_column][\/et_pb_row][\/et_pb_section][et_pb_section fb_built=&#8221;1&#8243; _builder_version=&#8221;4.24.3&#8243; _module_preset=&#8221;default&#8221; background_color=&#8221;#f0f0f1&#8243; locked=&#8221;off&#8221; global_colors_info=&#8221;{}&#8221;][et_pb_row _builder_version=&#8221;4.24.3&#8243; _module_preset=&#8221;default&#8221; custom_padding=&#8221;||11px|||&#8221; global_colors_info=&#8221;{}&#8221;][et_pb_column type=&#8221;4_4&#8243; _builder_version=&#8221;4.24.3&#8243; _module_preset=&#8221;default&#8221; global_colors_info=&#8221;{}&#8221;][et_pb_text _builder_version=&#8221;4.24.3&#8243; _module_preset=&#8221;default&#8221; header_2_font_size=&#8221;36px&#8221; header_3_text_align=&#8221;center&#8221; header_3_font_size=&#8221;28px&#8221; header_2_font_size_tablet=&#8221;36px&#8221; header_2_font_size_phone=&#8221;36px&#8221; header_2_font_size_last_edited=&#8221;on|desktop&#8221; global_colors_info=&#8221;{}&#8221;]<\/p>\n<h3>Ofte stillede sp\u00f8rgsm\u00e5l<\/h3>\n<p>[\/et_pb_text][\/et_pb_column][\/et_pb_row][et_pb_row _builder_version=&#8221;4.24.3&#8243; _module_preset=&#8221;default&#8221; max_width=&#8221;40%&#8221; max_width_tablet=&#8221;60%&#8221; max_width_phone=&#8221;90%&#8221; max_width_last_edited=&#8221;on|phone&#8221; global_colors_info=&#8221;{}&#8221;][et_pb_column type=&#8221;4_4&#8243; _builder_version=&#8221;4.24.3&#8243; _module_preset=&#8221;default&#8221; global_colors_info=&#8221;{}&#8221;][et_pb_accordion icon_color=&#8221;#3C3F46&#8243; _builder_version=&#8221;4.24.3&#8243; _module_preset=&#8221;default&#8221; border_radii=&#8221;on|10px|10px|10px|10px&#8221; border_color_all=&#8221;#3C3F46&#8243; box_shadow_style=&#8221;preset1&#8243; box_shadow_blur=&#8221;8px&#8221; global_colors_info=&#8221;{}&#8221;][et_pb_accordion_item title=&#8221;Hvad kan TrendSTOP bruges til i produktionen?&#8221; open=&#8221;on&#8221; _builder_version=&#8221;4.24.3&#8243; _module_preset=&#8221;default&#8221; global_colors_info=&#8221;{}&#8221;]<\/p>\n<p><span style=\"font-weight: 400;\">TrendSTOP g\u00f8r det nemt at registrere stop\u00e5rsager, fejl og afbrydelser i produktionen \u2013 direkte fra en tablet eller mobil p\u00e5 gulvet. Appen kan ogs\u00e5 bruges til at starte ordrer eller oprette vedligeholds- og kvalitetsopgaver.<\/span><\/p>\n<p>[\/et_pb_accordion_item][et_pb_accordion_item title=&#8221;Hvordan registrerer operat\u00f8rerne stop og fejl?&#8221; _builder_version=&#8221;4.24.3&#8243; _module_preset=&#8221;default&#8221; global_colors_info=&#8221;{}&#8221; open=&#8221;off&#8221;]<\/p>\n<p><span style=\"font-weight: 400;\">Operat\u00f8ren v\u00e6lger stop\u00e5rsagen fra en overskuelig liste, mens h\u00e6ndelsen sker. Registreringen sker med f\u00e5 klik, og data vises med det samme i TrendOEE-dashboardet. <\/span><\/p>\n<p>[\/et_pb_accordion_item][et_pb_accordion_item title=&#8221;Kan appen bruges til andet end nedetid?&#8221; _builder_version=&#8221;4.24.3&#8243; _module_preset=&#8221;default&#8221; global_colors_info=&#8221;{}&#8221; open=&#8221;off&#8221;]<\/p>\n<p><span style=\"font-weight: 400;\">Ja &#8211; TrendSTOP kan ogs\u00e5 konfigureres til at starte nye produktionsordrer, indsende kvalitetsskemaer via TrendFORMS eller registrere presserende vedligeholdelsesopgaver.<\/span><\/p>\n<p>[\/et_pb_accordion_item][et_pb_accordion_item title=&#8221;Hvem bruger typisk TrendSTOP p\u00e5 fabriksgulvet?&#8221; _builder_version=&#8221;4.24.3&#8243; _module_preset=&#8221;default&#8221; global_colors_info=&#8221;{}&#8221; open=&#8221;off&#8221;]<\/p>\n<p><span style=\"font-weight: 400;\">TrendSTOP bruges is\u00e6r af operat\u00f8rer, teamledere og produktionsansvarlige, der har behov for at registrere h\u00e6ndelser hurtigt og pr\u00e6cist i hverdagen. <\/span><\/p>\n<p>[\/et_pb_accordion_item][\/et_pb_accordion][\/et_pb_column][\/et_pb_row][\/et_pb_section][et_pb_section fb_built=&#8221;1&#8243; _builder_version=&#8221;4.22.1&#8243; _module_preset=&#8221;default&#8221; use_background_color_gradient=&#8221;on&#8221; background_color_gradient_stops=&#8221;rgba(46,53,60,0.96) 0%|rgba(46,53,60,0.98) 100%&#8221; background_color_gradient_overlays_image=&#8221;on&#8221; background_image=&#8221;https:\/\/www.trendlog.dk\/wp-content\/uploads\/2023\/09\/Industry-3-Industrial-Robot.jpg&#8221; parallax=&#8221;on&#8221; custom_margin=&#8221;||||false|false&#8221; custom_padding=&#8221;||||false|false&#8221; locked=&#8221;off&#8221; global_colors_info=&#8221;{}&#8221;][et_pb_row _builder_version=&#8221;4.22.1&#8243; _module_preset=&#8221;default&#8221; custom_margin=&#8221;31px|auto||auto||&#8221; global_colors_info=&#8221;{}&#8221;][et_pb_column type=&#8221;4_4&#8243; _builder_version=&#8221;4.17.4&#8243; _module_preset=&#8221;default&#8221; global_colors_info=&#8221;{}&#8221;][et_pb_text _builder_version=&#8221;4.24.3&#8243; _module_preset=&#8221;default&#8221; header_font=&#8221;|700|||||||&#8221; header_font_size=&#8221;44px&#8221; header_2_font=&#8221;||||||||&#8221; header_2_font_size=&#8221;30px&#8221; header_2_line_height=&#8221;1.4em&#8221; text_orientation=&#8221;center&#8221; background_layout=&#8221;dark&#8221; width=&#8221;900px&#8221; width_tablet=&#8221;100%&#8221; width_phone=&#8221;100%&#8221; width_last_edited=&#8221;on|tablet&#8221; module_alignment=&#8221;center&#8221; header_2_font_size_phone=&#8221;26px&#8221; text_orientation_tablet=&#8221;center&#8221; text_orientation_phone=&#8221;left&#8221; text_orientation_last_edited=&#8221;on|phone&#8221; global_colors_info=&#8221;{}&#8221;]<\/p>\n<h2><span style=\"font-weight: 400;\">Klar til at tage styring med nedetiden?<\/span><\/h2>\n<p><span style=\"font-weight: 400;\">Kom i gang med TrendSTOP i din produktion. F\u00e5 en demo og oplev, hvor nemt det er at registrere stop\u00e5rsager, fejl og opgaver direkte fra produktionen. <\/span><\/p>\n<p>[\/et_pb_text][\/et_pb_column][\/et_pb_row][et_pb_row column_structure=&#8221;1_2,1_2&#8243; use_custom_gutter=&#8221;on&#8221; gutter_width=&#8221;2&#8243; _builder_version=&#8221;4.24.3&#8243; _module_preset=&#8221;default&#8221; custom_padding=&#8221;0px|||||&#8221; locked=&#8221;off&#8221; global_colors_info=&#8221;{}&#8221;][et_pb_column type=&#8221;1_2&#8243; _builder_version=&#8221;4.22.1&#8243; _module_preset=&#8221;default&#8221; global_colors_info=&#8221;{}&#8221;][et_pb_button button_url=&#8221;@ET-DC@eyJkeW5hbWljIjp0cnVlLCJjb250ZW50IjoicG9zdF9saW5rX3VybF9wYWdlIiwic2V0dGluZ3MiOnsicG9zdF9pZCI6IjY0NDIiLCJlbmFibGVfaHRtbCI6Im9mZiJ9fQ==@&#8221; button_text=&#8221;Book en gratis demo&#8221; button_alignment=&#8221;right&#8221; button_alignment_tablet=&#8221;center&#8221; button_alignment_phone=&#8221;center&#8221; button_alignment_last_edited=&#8221;on|phone&#8221; _builder_version=&#8221;4.24.3&#8243; _dynamic_attributes=&#8221;button_url&#8221; _module_preset=&#8221;c8dc4fe2-7077-4286-b52c-cf62804b263d&#8221; global_colors_info=&#8221;{}&#8221;][\/et_pb_button][\/et_pb_column][et_pb_column type=&#8221;1_2&#8243; _builder_version=&#8221;4.22.1&#8243; _module_preset=&#8221;default&#8221; global_colors_info=&#8221;{}&#8221;][et_pb_button button_url=&#8221;@ET-DC@eyJkeW5hbWljIjp0cnVlLCJjb250ZW50IjoicG9zdF9saW5rX3VybF9wYWdlIiwic2V0dGluZ3MiOnsicG9zdF9pZCI6IjM0MjYxNyIsImVuYWJsZV9odG1sIjoib2ZmIn19@&#8221; button_text=&#8221;Tilmelding til nyhedsbrev&#8221; button_alignment=&#8221;left&#8221; button_alignment_tablet=&#8221;center&#8221; button_alignment_phone=&#8221;center&#8221; button_alignment_last_edited=&#8221;on|phone&#8221; _builder_version=&#8221;4.24.3&#8243; _dynamic_attributes=&#8221;button_url&#8221; _module_preset=&#8221;c8dc4fe2-7077-4286-b52c-cf62804b263d&#8221; global_colors_info=&#8221;{}&#8221;][\/et_pb_button][\/et_pb_column][\/et_pb_row][\/et_pb_section]<\/p>\n","protected":false},"excerpt":{"rendered":"<p>TrendSTOP g\u00f8r registrering og indsigt nemt \u2013 i realtid. Log stop\u00e5rsager og h\u00e6ndelser direkte fra tablet eller mobil.  <\/p>\n","protected":false},"author":4,"featured_media":344434,"parent":0,"menu_order":0,"comment_status":"closed","ping_status":"closed","template":"","meta":{"_et_pb_use_builder":"on","_et_pb_old_content":"","_et_gb_content_width":"","footnotes":""},"class_list":["post-344446","page","type-page","status-publish","has-post-thumbnail","hentry"],"_links":{"self":[{"href":"https:\/\/www.trendlog.dk\/da\/wp-json\/wp\/v2\/pages\/344446","targetHints":{"allow":["GET"]}}],"collection":[{"href":"https:\/\/www.trendlog.dk\/da\/wp-json\/wp\/v2\/pages"}],"about":[{"href":"https:\/\/www.trendlog.dk\/da\/wp-json\/wp\/v2\/types\/page"}],"author":[{"embeddable":true,"href":"https:\/\/www.trendlog.dk\/da\/wp-json\/wp\/v2\/users\/4"}],"replies":[{"embeddable":true,"href":"https:\/\/www.trendlog.dk\/da\/wp-json\/wp\/v2\/comments?post=344446"}],"version-history":[{"count":18,"href":"https:\/\/www.trendlog.dk\/da\/wp-json\/wp\/v2\/pages\/344446\/revisions"}],"predecessor-version":[{"id":348338,"href":"https:\/\/www.trendlog.dk\/da\/wp-json\/wp\/v2\/pages\/344446\/revisions\/348338"}],"wp:featuredmedia":[{"embeddable":true,"href":"https:\/\/www.trendlog.dk\/da\/wp-json\/wp\/v2\/media\/344434"}],"wp:attachment":[{"href":"https:\/\/www.trendlog.dk\/da\/wp-json\/wp\/v2\/media?parent=344446"}],"curies":[{"name":"wp","href":"https:\/\/api.w.org\/{rel}","templated":true}]}}