{"id":336496,"date":"2022-02-28T14:50:02","date_gmt":"2022-02-28T12:50:02","guid":{"rendered":"https:\/\/www.trendlog.dk\/?page_id=336496"},"modified":"2025-04-23T13:31:03","modified_gmt":"2025-04-23T11:31:03","slug":"installation","status":"publish","type":"page","link":"https:\/\/www.trendlog.dk\/da\/installation\/","title":{"rendered":"Installation"},"content":{"rendered":"<p>[et_pb_section fb_built=&#8221;1&#8243; fullwidth=&#8221;on&#8221; disabled_on=&#8221;off|off|off&#8221; _builder_version=&#8221;4.23.1&#8243; _module_preset=&#8221;default&#8221; use_background_color_gradient=&#8221;on&#8221; background_color_gradient_stops=&#8221;rgba(46,53,60,0.82) 0%|rgba(46,53,60,0.29) 100%&#8221; background_color_gradient_overlays_image=&#8221;on&#8221; background_image=&#8221;https:\/\/www.trendlog.dk\/wp-content\/uploads\/2022\/07\/electrician-3087536_1920.jpg&#8221; background_enable_video_mp4=&#8221;off&#8221; background_enable_video_webm=&#8221;off&#8221; custom_padding=&#8221;||||false|false&#8221; locked=&#8221;off&#8221; global_colors_info=&#8221;{}&#8221;][et_pb_fullwidth_header title=&#8221;Information til installationen&#8221; content_max_width=&#8221;55%&#8221; content_max_width_tablet=&#8221;80%&#8221; content_max_width_phone=&#8221;100%&#8221; content_max_width_last_edited=&#8221;on|desktop&#8221; _builder_version=&#8221;4.23.1&#8243; _module_preset=&#8221;default&#8221; title_font=&#8221;|700|||||||&#8221; title_font_size=&#8221;44px&#8221; title_line_height=&#8221;1.2em&#8221; content_font=&#8221;|300|||||||&#8221; content_font_size=&#8221;20px&#8221; content_line_height=&#8221;1.6em&#8221; background_color=&#8221;RGBA(255,255,255,0)&#8221; background_enable_video_mp4=&#8221;off&#8221; custom_button_one=&#8221;on&#8221; button_one_bg_color=&#8221;#56BE5E&#8221; button_one_border_width=&#8221;5px&#8221; button_one_border_color=&#8221;#56BE5E&#8221; button_one_use_icon=&#8221;off&#8221; button_one_custom_padding=&#8221;|25px||25px|false|true&#8221; custom_button_two=&#8221;on&#8221; button_two_bg_color=&#8221;#56BE5E&#8221; button_two_border_width=&#8221;5px&#8221; button_two_border_color=&#8221;#56BE5E&#8221; button_two_use_icon=&#8221;off&#8221; button_two_custom_padding=&#8221;|25px||25px|false|true&#8221; height=&#8221;40vh&#8221; height_tablet=&#8221;auto&#8221; height_phone=&#8221;auto&#8221; height_last_edited=&#8221;on|tablet&#8221; custom_padding=&#8221;150px||150px||false|false&#8221; custom_padding_tablet=&#8221;120px||100px||false|false&#8221; custom_padding_phone=&#8221;80px||50px||false|false&#8221; custom_padding_last_edited=&#8221;on|phone&#8221; title_font_size_tablet=&#8221;44px&#8221; title_font_size_phone=&#8221;30px&#8221; title_font_size_last_edited=&#8221;on|desktop&#8221; title_line_height_tablet=&#8221;1.1em&#8221; title_line_height_phone=&#8221;1.1em&#8221; title_line_height_last_edited=&#8221;on|phone&#8221; content_font_size_tablet=&#8221;18px&#8221; content_font_size_phone=&#8221;16px&#8221; content_font_size_last_edited=&#8221;on|phone&#8221; content_line_height_tablet=&#8221;1.6em&#8221; content_line_height_phone=&#8221;1.6em&#8221; content_line_height_last_edited=&#8221;on|phone&#8221; global_colors_info=&#8221;{}&#8221; button_one_border_color__hover_enabled=&#8221;on|hover&#8221; button_one_border_color__hover=&#8221;#2E353C&#8221; button_one_bg_color__hover_enabled=&#8221;on|hover&#8221; button_one_bg_color__hover=&#8221;#2E353C&#8221; button_one_bg_enable_color__hover=&#8221;on&#8221; button_two_bg_color__hover=&#8221;#2E353C&#8221; button_two_bg_color__hover_enabled=&#8221;on|hover&#8221; button_two_border_color__hover=&#8221;#2E353C&#8221; button_two_border_color__hover_enabled=&#8221;on|hover&#8221;][\/et_pb_fullwidth_header][\/et_pb_section][et_pb_section fb_built=&#8221;1&#8243; disabled_on=&#8221;off|off|off&#8221; _builder_version=&#8221;4.16&#8243; _module_preset=&#8221;default&#8221; custom_padding=&#8221;||100px|||&#8221; global_colors_info=&#8221;{}&#8221;][et_pb_row column_structure=&#8221;1_2,1_2&#8243; use_custom_gutter=&#8221;on&#8221; gutter_width=&#8221;2&#8243; make_equal=&#8221;on&#8221; _builder_version=&#8221;4.23.1&#8243; _module_preset=&#8221;default&#8221; custom_padding=&#8221;||0px|||&#8221; global_colors_info=&#8221;{}&#8221;][et_pb_column type=&#8221;1_2&#8243; _builder_version=&#8221;4.23.1&#8243; _module_preset=&#8221;default&#8221; background_color=&#8221;#f0f0f1&#8243; custom_padding=&#8221;1vw|1vw|1vw|1vw|true|true&#8221; border_radii=&#8221;on|1vw|1vw|1vw|1vw&#8221; global_colors_info=&#8221;{}&#8221;][dsm_icon_list icon_background_color=&#8221;RGBA(255,255,255,0)&#8221; icon_padding=&#8221;1vw&#8221; icon_font_size=&#8221;40px&#8221; icon_font_size_tablet=&#8221;40px&#8221; icon_font_size_phone=&#8221;10px&#8221; icon_font_size_last_edited=&#8221;on|phone&#8221; _builder_version=&#8221;4.23.1&#8243; _module_preset=&#8221;default&#8221; custom_padding=&#8221;|2vw|||false|false&#8221; border_radii_icon=&#8221;on|1vw|1vw|1vw|1vw&#8221; border_width_all_icon=&#8221;0px&#8221; global_colors_info=&#8221;{}&#8221;][dsm_icon_list_child text=&#8221;Signaloversigt for Trendlog UNO&#8221; font_icon=&#8221;&#xe035;||divi||400&#8243; icon_padding=&#8221;1vw&#8221; icon_font_size=&#8221;40px&#8221; url=&#8221;https:\/\/drive.google.com\/file\/d\/1R3Y36hUHGmgI953S0Nurbp_kG6tf3gS9\/view&#8221; url_new_window=&#8221;on&#8221; icon_font_size_tablet=&#8221;25px&#8221; icon_font_size_phone=&#8221;0px&#8221; icon_font_size_last_edited=&#8221;on|phone&#8221; _builder_version=&#8221;4.16&#8243; _module_preset=&#8221;default&#8221; text_font=&#8221;|600|||||||&#8221; text_text_color=&#8221;#2E353C&#8221; text_font_size=&#8221;20px&#8221; text_font_size_tablet=&#8221;14px&#8221; text_font_size_phone=&#8221;14px&#8221; text_font_size_last_edited=&#8221;on|phone&#8221; border_radii_icon=&#8221;on|1vw|1vw|1vw|1vw&#8221; global_colors_info=&#8221;{}&#8221; text_indent_tablet=&#8221;2vw&#8221; text_indent_phone=&#8221;2vw&#8221; text_indent_last_edited=&#8221;on|tablet&#8221;][\/dsm_icon_list_child][\/dsm_icon_list][\/et_pb_column][et_pb_column type=&#8221;1_2&#8243; _builder_version=&#8221;4.23.1&#8243; _module_preset=&#8221;default&#8221; background_color=&#8221;#f0f0f1&#8243; custom_padding=&#8221;1vw|1vw|1vw|1vw|true|true&#8221; border_radii=&#8221;on|1vw|1vw|1vw|1vw&#8221; global_colors_info=&#8221;{}&#8221;][dsm_icon_list icon_background_color=&#8221;RGBA(255,255,255,0)&#8221; icon_padding=&#8221;1vw&#8221; icon_font_size=&#8221;0px&#8221; _builder_version=&#8221;4.24.3&#8243; _module_preset=&#8221;default&#8221; custom_padding=&#8221;||||false|false&#8221; global_colors_info=&#8221;{}&#8221;][dsm_icon_list_child text=&#8221;Trendlog Collect UNO v1 datablad&#8221; font_icon=&#8221;&#xe038;||divi||400&#8243; icon_padding=&#8221;1vw&#8221; icon_font_size=&#8221;40px&#8221; url=&#8221;https:\/\/drive.google.com\/file\/d\/1M15C6En609ZMmPmse0NLQiOvYrFTcSze\/view?usp=sharing&#8221; url_new_window=&#8221;on&#8221; icon_font_size_tablet=&#8221;25px&#8221; icon_font_size_phone=&#8221;0px&#8221; icon_font_size_last_edited=&#8221;on|phone&#8221; _builder_version=&#8221;4.24.3&#8243; _module_preset=&#8221;default&#8221; text_font=&#8221;|600|||||||&#8221; text_text_color=&#8221;#2E353C&#8221; text_font_size=&#8221;20px&#8221; text_font_size_tablet=&#8221;14px&#8221; text_font_size_phone=&#8221;14px&#8221; text_font_size_last_edited=&#8221;on|phone&#8221; border_radii_icon=&#8221;on|1vw|1vw|1vw|1vw&#8221; global_colors_info=&#8221;{}&#8221; text_indent_tablet=&#8221;2vw&#8221; text_indent_phone=&#8221;2vw&#8221; text_indent_last_edited=&#8221;on|desktop&#8221;][\/dsm_icon_list_child][\/dsm_icon_list][\/et_pb_column][\/et_pb_row][et_pb_row column_structure=&#8221;1_2,1_2&#8243; use_custom_gutter=&#8221;on&#8221; gutter_width=&#8221;2&#8243; make_equal=&#8221;on&#8221; _builder_version=&#8221;4.23.1&#8243; _module_preset=&#8221;default&#8221; custom_padding=&#8221;||0px|||&#8221; global_colors_info=&#8221;{}&#8221;][et_pb_column type=&#8221;1_2&#8243; _builder_version=&#8221;4.23.1&#8243; _module_preset=&#8221;default&#8221; background_color=&#8221;#f0f0f1&#8243; custom_padding=&#8221;1vw|1vw|1vw|1vw|true|true&#8221; border_radii=&#8221;on|1vw|1vw|1vw|1vw&#8221; global_colors_info=&#8221;{}&#8221;][dsm_icon_list icon_background_color=&#8221;RGBA(255,255,255,0)&#8221; icon_padding=&#8221;1vw&#8221; icon_font_size=&#8221;20px&#8221; _builder_version=&#8221;4.16&#8243; _module_preset=&#8221;default&#8221; text_font_size=&#8221;20px&#8221; custom_padding=&#8221;||||false|false&#8221; text_font_size_tablet=&#8221;20px&#8221; text_font_size_phone=&#8221;20px&#8221; text_font_size_last_edited=&#8221;on|desktop&#8221; global_colors_info=&#8221;{}&#8221;][dsm_icon_list_child text=&#8221;Installationsguide for Trendlog Collect&#8221; font_icon=&#8221;&#xe036;||divi||400&#8243; icon_padding=&#8221;1vw&#8221; icon_font_size=&#8221;40px&#8221; url=&#8221;https:\/\/drive.google.com\/file\/d\/1CMbXgSSJXy4AyTEt4BsDFZpiJyvZhPUN\/view?usp=sharing&#8221; url_new_window=&#8221;on&#8221; icon_font_size_tablet=&#8221;25px&#8221; icon_font_size_phone=&#8221;0px&#8221; icon_font_size_last_edited=&#8221;on|phone&#8221; _builder_version=&#8221;4.16&#8243; _module_preset=&#8221;default&#8221; text_font=&#8221;|600|||||||&#8221; text_text_color=&#8221;#2E353C&#8221; text_font_size=&#8221;20px&#8221; text_font_size_tablet=&#8221;14px&#8221; text_font_size_phone=&#8221;14px&#8221; text_font_size_last_edited=&#8221;on|phone&#8221; border_radii_icon=&#8221;on|1vw|1vw|1vw|1vw&#8221; global_colors_info=&#8221;{}&#8221;][\/dsm_icon_list_child][\/dsm_icon_list][\/et_pb_column][et_pb_column type=&#8221;1_2&#8243; _builder_version=&#8221;4.23.1&#8243; _module_preset=&#8221;default&#8221; background_color=&#8221;#f0f0f1&#8243; custom_padding=&#8221;1vw|1vw|1vw|1vw|true|true&#8221; border_radii=&#8221;on|1vw|1vw|1vw|1vw&#8221; global_colors_info=&#8221;{}&#8221;][dsm_icon_list icon_background_color=&#8221;RGBA(255,255,255,0)&#8221; icon_padding=&#8221;1vw&#8221; icon_font_size=&#8221;40px&#8221; _builder_version=&#8221;4.24.3&#8243; _module_preset=&#8221;default&#8221; custom_padding=&#8221;||||false|false&#8221; global_colors_info=&#8221;{}&#8221;][dsm_icon_list_child text=&#8221;Maintenance Planner &#8211; Videoguide&#8221; font_icon=&#8221;&#xe086;||divi||400&#8243; url=&#8221;https:\/\/www.youtube.com\/watch?v=gfhkouOXwS4&#8243; url_new_window=&#8221;on&#8221; icon_font_size_tablet=&#8221;25px&#8221; icon_font_size_phone=&#8221;0px&#8221; icon_font_size_last_edited=&#8221;on|phone&#8221; _builder_version=&#8221;4.24.3&#8243; _module_preset=&#8221;default&#8221; text_font=&#8221;|600|||||||&#8221; text_text_color=&#8221;#2E353C&#8221; text_font_size=&#8221;20px&#8221; text_font_size_tablet=&#8221;14px&#8221; text_font_size_phone=&#8221;14px&#8221; text_font_size_last_edited=&#8221;on|phone&#8221; global_colors_info=&#8221;{}&#8221;][\/dsm_icon_list_child][\/dsm_icon_list][\/et_pb_column][\/et_pb_row][et_pb_row column_structure=&#8221;1_2,1_2&#8243; use_custom_gutter=&#8221;on&#8221; gutter_width=&#8221;2&#8243; make_equal=&#8221;on&#8221; disabled_on=&#8221;on|on|on&#8221; _builder_version=&#8221;4.24.3&#8243; _module_preset=&#8221;default&#8221; custom_padding=&#8221;||0px|||&#8221; disabled=&#8221;on&#8221; global_colors_info=&#8221;{}&#8221;][et_pb_column type=&#8221;1_2&#8243; _builder_version=&#8221;4.23.1&#8243; _module_preset=&#8221;default&#8221; background_color=&#8221;#f0f0f1&#8243; custom_padding=&#8221;1vw|1vw|1vw|1vw|true|true&#8221; border_radii=&#8221;on|1vw|1vw|1vw|1vw&#8221; global_colors_info=&#8221;{}&#8221;][dsm_icon_list icon_background_color=&#8221;RGBA(255,255,255,0)&#8221; icon_padding=&#8221;1vw&#8221; icon_font_size=&#8221;40px&#8221; _builder_version=&#8221;4.16&#8243; _module_preset=&#8221;default&#8221; custom_padding=&#8221;||||false|false&#8221; global_colors_info=&#8221;{}&#8221;][dsm_icon_list_child text=&#8221;Trendboard &#8211; manual&#8221; font_icon=&#8221;&#xe022;||divi||400&#8243; icon_padding=&#8221;1vw&#8221; url=&#8221;https:\/\/drive.google.com\/file\/d\/1Yf1KQIjTPRykNPleWKGsWQEUrelLNOp2\/view?usp=sharing&#8221; url_new_window=&#8221;on&#8221; icon_font_size_tablet=&#8221;25px&#8221; icon_font_size_phone=&#8221;0px&#8221; icon_font_size_last_edited=&#8221;on|phone&#8221; _builder_version=&#8221;4.16&#8243; _module_preset=&#8221;default&#8221; text_font=&#8221;|600|||||||&#8221; text_text_color=&#8221;#2E353C&#8221; text_font_size=&#8221;20px&#8221; text_font_size_tablet=&#8221;14px&#8221; text_font_size_phone=&#8221;14px&#8221; text_font_size_last_edited=&#8221;on|phone&#8221; border_radii_icon=&#8221;on|1vw|1vw|1vw|1vw&#8221; global_colors_info=&#8221;{}&#8221;][\/dsm_icon_list_child][\/dsm_icon_list][\/et_pb_column][et_pb_column type=&#8221;1_2&#8243; _builder_version=&#8221;4.23.1&#8243; _module_preset=&#8221;default&#8221; global_colors_info=&#8221;{}&#8221;][\/et_pb_column][\/et_pb_row][\/et_pb_section][et_pb_section fb_built=&#8221;1&#8243; _builder_version=&#8221;4.24.3&#8243; _module_preset=&#8221;default&#8221; background_color=&#8221;#f0f0f1&#8243; locked=&#8221;off&#8221; global_colors_info=&#8221;{}&#8221;][et_pb_row column_structure=&#8221;1_2,1_2&#8243; _builder_version=&#8221;4.24.3&#8243; _module_preset=&#8221;default&#8221; global_colors_info=&#8221;{}&#8221;][et_pb_column type=&#8221;1_2&#8243; _builder_version=&#8221;4.24.3&#8243; _module_preset=&#8221;default&#8221; custom_padding=&#8221;1vw||||false|false&#8221; global_colors_info=&#8221;{}&#8221;][et_pb_text _builder_version=&#8221;4.24.3&#8243; _module_preset=&#8221;default&#8221; text_font=&#8221;|||on|||||&#8221; text_text_color=&#8221;#56BE5E&#8221; custom_margin=&#8221;||17px||false|false&#8221; global_colors_info=&#8221;{}&#8221;]<\/p>\n<p>VIDEOGUIDES OG INSPIRATION<\/p>\n<p>[\/et_pb_text][et_pb_text _builder_version=&#8221;4.24.3&#8243; _module_preset=&#8221;default&#8221; header_2_font_size=&#8221;36px&#8221; custom_margin=&#8221;||17px||false|false&#8221; header_2_font_size_tablet=&#8221;36px&#8221; header_2_font_size_phone=&#8221;36px&#8221; header_2_font_size_last_edited=&#8221;on|desktop&#8221; global_colors_info=&#8221;{}&#8221;]<\/p>\n<h3>Hj\u00e6lp dig selv med vores videoguides<\/h3>\n<p>[\/et_pb_text][et_pb_text module_class=&#8221;pa-bullet-list-1&#8243; _builder_version=&#8221;4.24.3&#8243; _module_preset=&#8221;default&#8221; ul_line_height=&#8221;1.2em&#8221; custom_margin=&#8221;||22px||false|false&#8221; global_colors_info=&#8221;{}&#8221;]<\/p>\n<p>Vil du dykke dybere ned i ops\u00e6tning af enheder, konfigurationer eller f\u00e5 mest muligt ud af Trendlog-platformen? Vores YouTube-kanal er fyldt med videoguides, gennemgange og praktiske tips. <\/p>\n<p><span style=\"font-weight: 400;\"><\/span><\/p>\n<ul>\n<li style=\"font-weight: 400;\" aria-level=\"1\"><span style=\"font-weight: 400;\">Video-guider<\/span><\/li>\n<li style=\"font-weight: 400;\" aria-level=\"1\"><span style=\"font-weight: 400;\">Inspiration<\/span><\/li>\n<li style=\"font-weight: 400;\" aria-level=\"1\"><span style=\"font-weight: 400;\">Forklaringer<\/span><\/li>\n<li style=\"font-weight: 400;\" aria-level=\"1\"><span style=\"font-weight: 400;\">Case-videoer<\/span><\/li>\n<\/ul>\n<p>[\/et_pb_text][et_pb_button button_url=&#8221;https:\/\/www.youtube.com\/@TrendlogioApS&#8221; button_text=&#8221;G\u00e5 til kanal&#8221; button_alignment=&#8221;left&#8221; _builder_version=&#8221;4.24.3&#8243; _module_preset=&#8221;c8dc4fe2-7077-4286-b52c-cf62804b263d&#8221; custom_margin=&#8221;|1vw|||false|false&#8221; custom_margin_tablet=&#8221;1vw|1vw|1vw||false|false&#8221; custom_margin_phone=&#8221;1vw||5vw||false|false&#8221; custom_margin_last_edited=&#8221;on|phone&#8221; custom_padding=&#8221;||||false|false&#8221; button_text_size_phone=&#8221;16px&#8221; locked=&#8221;off&#8221; global_colors_info=&#8221;{}&#8221;][\/et_pb_button][\/et_pb_column][et_pb_column type=&#8221;1_2&#8243; _builder_version=&#8221;4.24.3&#8243; _module_preset=&#8221;default&#8221; global_colors_info=&#8221;{}&#8221;][et_pb_image src=&#8221;https:\/\/www.trendlog.dk\/wp-content\/uploads\/2025\/04\/Trendlog-Academy-1.jpg&#8221; title_text=&#8221;Trendlog Academy (1)&#8221; _builder_version=&#8221;4.24.3&#8243; _module_preset=&#8221;default&#8221; border_radii=&#8221;on|20px|20px|20px|20px&#8221; global_colors_info=&#8221;{}&#8221;][\/et_pb_image][\/et_pb_column][\/et_pb_row][\/et_pb_section][et_pb_section fb_built=&#8221;1&#8243; _builder_version=&#8221;4.24.3&#8243; _module_preset=&#8221;default&#8221; background_color=&#8221;#f0f0f1&#8243; locked=&#8221;off&#8221; global_colors_info=&#8221;{}&#8221;][et_pb_row _builder_version=&#8221;4.24.3&#8243; _module_preset=&#8221;default&#8221; custom_padding=&#8221;||11px|||&#8221; global_colors_info=&#8221;{}&#8221;][et_pb_column type=&#8221;4_4&#8243; _builder_version=&#8221;4.24.3&#8243; _module_preset=&#8221;default&#8221; global_colors_info=&#8221;{}&#8221;][et_pb_text _builder_version=&#8221;4.24.3&#8243; _module_preset=&#8221;default&#8221; header_2_font_size=&#8221;36px&#8221; header_3_text_align=&#8221;center&#8221; header_3_font_size=&#8221;28px&#8221; header_2_font_size_tablet=&#8221;36px&#8221; header_2_font_size_phone=&#8221;36px&#8221; header_2_font_size_last_edited=&#8221;on|desktop&#8221; global_colors_info=&#8221;{}&#8221;]<\/p>\n<h3>Ofte stillede sp\u00f8rgsm\u00e5l<\/h3>\n<p>[\/et_pb_text][\/et_pb_column][\/et_pb_row][et_pb_row _builder_version=&#8221;4.24.3&#8243; _module_preset=&#8221;default&#8221; max_width=&#8221;40%&#8221; max_width_tablet=&#8221;60%&#8221; max_width_phone=&#8221;90%&#8221; max_width_last_edited=&#8221;on|phone&#8221; global_colors_info=&#8221;{}&#8221;][et_pb_column type=&#8221;4_4&#8243; _builder_version=&#8221;4.24.3&#8243; _module_preset=&#8221;default&#8221; global_colors_info=&#8221;{}&#8221;][et_pb_accordion icon_color=&#8221;#3C3F46&#8243; _builder_version=&#8221;4.24.3&#8243; _module_preset=&#8221;default&#8221; border_radii=&#8221;on|10px|10px|10px|10px&#8221; border_color_all=&#8221;#3C3F46&#8243; box_shadow_style=&#8221;preset1&#8243; box_shadow_blur=&#8221;8px&#8221; global_colors_info=&#8221;{}&#8221;][et_pb_accordion_item title=&#8221;Hvad kr\u00e6ver det at installere en Trendlog COLLECT-enhed?&#8221; open=&#8221;on&#8221; _builder_version=&#8221;4.24.3&#8243; _module_preset=&#8221;default&#8221; global_colors_info=&#8221;{}&#8221;]<\/p>\n<p><span style=\"font-weight: 400;\">COLLECT er pr\u00e6konfigureret og klar til brug. Den installeres typisk i elskabet og forbindes til maskinens signaler. Din lokale elektriker eller en Trendlog-partner kan st\u00e5 for installationen. <\/span><\/p>\n<p>[\/et_pb_accordion_item][et_pb_accordion_item title=&#8221;Hvem h\u00e5ndterer installationen &#8211; os eller Trendlog?&#8221; _builder_version=&#8221;4.24.3&#8243; _module_preset=&#8221;default&#8221; global_colors_info=&#8221;{}&#8221; open=&#8221;off&#8221;]<\/p>\n<p><span style=\"font-weight: 400;\">Begge dele er muligt. Du kan bruge jeres interne tekniker eller v\u00e6lge \u00e9n af vores samarbejdspartnere til at sikre korrekt og hurtig installation. <\/span><\/p>\n<p>[\/et_pb_accordion_item][et_pb_accordion_item title=&#8221;Hvilke signaltyper underst\u00f8tter Trendlog\u2019s hardware?&#8221; _builder_version=&#8221;4.24.3&#8243; _module_preset=&#8221;default&#8221; global_colors_info=&#8221;{}&#8221; open=&#8221;off&#8221;]<\/p>\n<p><span style=\"font-weight: 400;\">Vi underst\u00f8tter b\u00e5de digitale og analoge signaler, puls, Modbus og andre industrielle protokoller. Det g\u00f8r det muligt at koble b\u00e5de nye og \u00e6ldre maskiner op.<\/span><\/p>\n<p>[\/et_pb_accordion_item][et_pb_accordion_item title=&#8221;Hvor hurtigt kan vi v\u00e6re oppe at k\u00f8re?&#8221; _builder_version=&#8221;4.24.3&#8243; _module_preset=&#8221;default&#8221; global_colors_info=&#8221;{}&#8221; open=&#8221;off&#8221;]<\/p>\n<p><span style=\"font-weight: 400;\">Typisk tager det kun f\u00e5 timer at installere og aktivere en linje. Hele l\u00f8sningen kan v\u00e6re i drift p\u00e5 f\u00e5 dage \u2013 afh\u00e6ngigt af omfang og datakilder. <\/span><\/p>\n<p>[\/et_pb_accordion_item][et_pb_accordion_item title=&#8221;Er der behov for kabling eller tr\u00e5dl\u00f8s ops\u00e6tning?&#8221; _builder_version=&#8221;4.24.3&#8243; _module_preset=&#8221;default&#8221; global_colors_info=&#8221;{}&#8221; open=&#8221;off&#8221;]<\/p>\n<p><span style=\"font-weight: 400;\">COLLECT kan tilsluttes via Ethernet eller WiFi. Den kan ogs\u00e5 leveres med 4G-modem, hvis der ikke er fast netv\u00e6rk tilg\u00e6ngeligt.  <\/span><\/p>\n<p>[\/et_pb_accordion_item][\/et_pb_accordion][\/et_pb_column][\/et_pb_row][\/et_pb_section][et_pb_section fb_built=&#8221;1&#8243; _builder_version=&#8221;4.22.1&#8243; _module_preset=&#8221;default&#8221; use_background_color_gradient=&#8221;on&#8221; background_color_gradient_stops=&#8221;rgba(46,53,60,0.96) 0%|rgba(46,53,60,0.98) 100%&#8221; background_color_gradient_overlays_image=&#8221;on&#8221; background_image=&#8221;https:\/\/www.trendlog.dk\/wp-content\/uploads\/2023\/09\/Industry-3-Industrial-Robot.jpg&#8221; parallax=&#8221;on&#8221; custom_margin=&#8221;||||false|false&#8221; custom_padding=&#8221;||||false|false&#8221; locked=&#8221;off&#8221; global_colors_info=&#8221;{}&#8221;][et_pb_row _builder_version=&#8221;4.22.1&#8243; _module_preset=&#8221;default&#8221; custom_margin=&#8221;31px|auto||auto||&#8221; global_colors_info=&#8221;{}&#8221;][et_pb_column type=&#8221;4_4&#8243; _builder_version=&#8221;4.17.4&#8243; _module_preset=&#8221;default&#8221; global_colors_info=&#8221;{}&#8221;][et_pb_text _builder_version=&#8221;4.24.3&#8243; _module_preset=&#8221;default&#8221; header_font=&#8221;|700|||||||&#8221; header_font_size=&#8221;44px&#8221; header_2_font=&#8221;||||||||&#8221; header_2_font_size=&#8221;30px&#8221; header_2_line_height=&#8221;1.4em&#8221; header_3_font_size=&#8221;28px&#8221; header_3_line_height=&#8221;1.4em&#8221; text_orientation=&#8221;center&#8221; background_layout=&#8221;dark&#8221; width=&#8221;900px&#8221; width_tablet=&#8221;100%&#8221; width_phone=&#8221;100%&#8221; width_last_edited=&#8221;on|tablet&#8221; module_alignment=&#8221;center&#8221; header_3_font_size_tablet=&#8221;28px&#8221; header_3_font_size_phone=&#8221;19px&#8221; header_3_font_size_last_edited=&#8221;on|phone&#8221; global_colors_info=&#8221;{}&#8221;]<\/p>\n<h3><span style=\"font-weight: 400;\">Tag styringen og f\u00e5 det optimale ud af din produktion. Book en gratis og uforpligtende demo og se, hvordan du kan optimere. <\/span><\/h3>\n<p>[\/et_pb_text][\/et_pb_column][\/et_pb_row][et_pb_row use_custom_gutter=&#8221;on&#8221; gutter_width=&#8221;2&#8243; _builder_version=&#8221;4.24.3&#8243; _module_preset=&#8221;default&#8221; custom_padding=&#8221;0px|||||&#8221; global_colors_info=&#8221;{}&#8221;][et_pb_column type=&#8221;4_4&#8243; _builder_version=&#8221;4.22.1&#8243; _module_preset=&#8221;default&#8221; global_colors_info=&#8221;{}&#8221;][et_pb_button button_url=&#8221;@ET-DC@eyJkeW5hbWljIjp0cnVlLCJjb250ZW50IjoicG9zdF9saW5rX3VybF9wYWdlIiwic2V0dGluZ3MiOnsicG9zdF9pZCI6IjY0NDIiLCJlbmFibGVfaHRtbCI6Im9mZiJ9fQ==@&#8221; button_text=&#8221;Book en gratis demo&#8221; button_alignment=&#8221;center&#8221; button_alignment_tablet=&#8221;center&#8221; button_alignment_phone=&#8221;center&#8221; button_alignment_last_edited=&#8221;off|desktop&#8221; _builder_version=&#8221;4.24.3&#8243; _dynamic_attributes=&#8221;button_url&#8221; _module_preset=&#8221;c8dc4fe2-7077-4286-b52c-cf62804b263d&#8221; global_colors_info=&#8221;{}&#8221;][\/et_pb_button][\/et_pb_column][\/et_pb_row][\/et_pb_section]<\/p>\n","protected":false},"excerpt":{"rendered":"<p><div class=\"et_pb_with_border et_pb_module dsm_icon_list dsm_icon_list_0\">\n\t\t\t\t\n\t\t\t\t\n\t\t\t\t\n\t\t\t\t\n\t\t\t\t\n\t\t\t\t\n\t\t\t\t<div class=\"et_pb_module_inner\">\n\t\t\t\t\t<ul class=\"dsm_icon_list_items dsm_icon_list_ltr_direction dsm_icon_list_layout_vertical\"><li class=\"dsm_icon_list_child dsm_icon_list_child_0\">\n\t\t\t\t\n\t\t\t\t\n\t\t\t\t\n\t\t\t\t\n\t\t\t\t<a href=\"https:\/\/drive.google.com\/file\/d\/1R3Y36hUHGmgI953S0Nurbp_kG6tf3gS9\/view\" target=\"_blank\"><span class=\"dsm_icon_list_wrapper\"><span class=\"dsm_icon_list_icon\">&#xe035;<\/span><\/span><span class=\"dsm_icon_list_text\">Signaloversigt for Trendlog UNO<\/span><\/a>\n\t\t\t<\/li><\/ul>\n\t\t\t\t<\/div>\n\t\t\t<\/div><div class=\"et_pb_module dsm_icon_list dsm_icon_list_1\">\n\t\t\t\t\n\t\t\t\t\n\t\t\t\t\n\t\t\t\t\n\t\t\t\t\n\t\t\t\t\n\t\t\t\t<div class=\"et_pb_module_inner\">\n\t\t\t\t\t<ul class=\"dsm_icon_list_items dsm_icon_list_ltr_direction dsm_icon_list_layout_vertical\"><\/ul>\n\t\t\t\t<\/div>\n\t\t\t<\/div><li class=\"dsm_icon_list_child dsm_icon_list_child_1\">\n\t\t\t\t\n\t\t\t\t\n\t\t\t\t\n\t\t\t\t\n\t\t\t\t<span class=\"dsm_icon_list_wrapper\"><span class=\"dsm_icon_list_icon\">&#8221;&#xe038;<\/span><\/span><span class=\"dsm_icon_list_text\">&#8221;Trendlog<\/span>\n\t\t\t<\/li><\/p>\n","protected":false},"author":4,"featured_media":0,"parent":0,"menu_order":0,"comment_status":"closed","ping_status":"closed","template":"","meta":{"_et_pb_use_builder":"on","_et_pb_old_content":"","_et_gb_content_width":"","footnotes":""},"class_list":["post-336496","page","type-page","status-publish","hentry"],"_links":{"self":[{"href":"https:\/\/www.trendlog.dk\/da\/wp-json\/wp\/v2\/pages\/336496","targetHints":{"allow":["GET"]}}],"collection":[{"href":"https:\/\/www.trendlog.dk\/da\/wp-json\/wp\/v2\/pages"}],"about":[{"href":"https:\/\/www.trendlog.dk\/da\/wp-json\/wp\/v2\/types\/page"}],"author":[{"embeddable":true,"href":"https:\/\/www.trendlog.dk\/da\/wp-json\/wp\/v2\/users\/4"}],"replies":[{"embeddable":true,"href":"https:\/\/www.trendlog.dk\/da\/wp-json\/wp\/v2\/comments?post=336496"}],"version-history":[{"count":10,"href":"https:\/\/www.trendlog.dk\/da\/wp-json\/wp\/v2\/pages\/336496\/revisions"}],"predecessor-version":[{"id":348342,"href":"https:\/\/www.trendlog.dk\/da\/wp-json\/wp\/v2\/pages\/336496\/revisions\/348342"}],"wp:attachment":[{"href":"https:\/\/www.trendlog.dk\/da\/wp-json\/wp\/v2\/media?parent=336496"}],"curies":[{"name":"wp","href":"https:\/\/api.w.org\/{rel}","templated":true}]}}